{"id":9774,"date":"2022-06-01T11:11:39","date_gmt":"2022-06-01T11:11:39","guid":{"rendered":"https:\/\/demo4.listivotheme.com\/?page_id=9774"},"modified":"2025-10-29T11:50:57","modified_gmt":"2025-10-29T11:50:57","slug":"politique-de-confidentialite","status":"publish","type":"page","link":"https:\/\/investpro.ma\/fr\/politique-de-confidentialite\/","title":{"rendered":"Politique de confidentialit\u00e9"},"content":{"rendered":"<div data-elementor-type=\"wp-page\" data-elementor-id=\"9774\" class=\"elementor elementor-9774\" data-elementor-post-type=\"page\">\n\t\t\t\t\t\t<section class=\"elementor-section elementor-top-section elementor-element elementor-element-2cc553cc elementor-section-full_width elementor-section-height-default elementor-section-height-default\" data-id=\"2cc553cc\" data-element_type=\"section\" data-e-type=\"section\" data-settings=\"{&quot;background_background&quot;:&quot;classic&quot;}\">\n\t\t\t\t\t\t<div class=\"elementor-container elementor-column-gap-default\">\n\t\t\t\t\t<div class=\"elementor-column elementor-col-100 elementor-top-column elementor-element elementor-element-4f809123\" data-id=\"4f809123\" data-element_type=\"column\" data-e-type=\"column\">\n\t\t\t<div class=\"elementor-widget-wrap elementor-element-populated\">\n\t\t\t\t\t\t<section class=\"elementor-section elementor-inner-section elementor-element elementor-element-73ceb154 elementor-section-height-min-height elementor-section-boxed elementor-section-height-default\" data-id=\"73ceb154\" data-element_type=\"section\" data-e-type=\"section\" data-settings=\"{&quot;background_background&quot;:&quot;classic&quot;}\">\n\t\t\t\t\t\t\t<div class=\"elementor-background-overlay\"><\/div>\n\t\t\t\t\t\t\t<div class=\"elementor-container elementor-column-gap-default\">\n\t\t\t\t\t<div class=\"elementor-column elementor-col-100 elementor-inner-column elementor-element elementor-element-15c1137e\" data-id=\"15c1137e\" data-element_type=\"column\" data-e-type=\"column\">\n\t\t\t<div class=\"elementor-widget-wrap elementor-element-populated\">\n\t\t\t\t\t\t<div class=\"elementor-element elementor-element-521f0397 elementor-widget elementor-widget-lst_heading_v2\" data-id=\"521f0397\" data-element_type=\"widget\" data-e-type=\"widget\" data-widget_type=\"lst_heading_v2.default\">\n\t\t\t\t<div class=\"elementor-widget-container\">\n\t\t\t\t\t<div class=\"listivo-heading-v2-wrapper\">\n    <div class=\"listivo-heading-v2 listivo-heading-v2--left listivo-heading-v2--tablet-center listivo-heading-v2--mobile-center\">\n        \n        <h2 class=\"listivo-heading-v2__text\">\n            Politique de confidentialit\u00e9        <\/h2>\n    <\/div>\n<\/div>\t\t\t\t<\/div>\n\t\t\t\t<\/div>\n\t\t\t\t<div class=\"elementor-element elementor-element-112db48 elementor-widget elementor-widget-spacer\" data-id=\"112db48\" data-element_type=\"widget\" data-e-type=\"widget\" data-widget_type=\"spacer.default\">\n\t\t\t\t<div class=\"elementor-widget-container\">\n\t\t\t\t\t\t\t<div class=\"elementor-spacer\">\n\t\t\t<div class=\"elementor-spacer-inner\"><\/div>\n\t\t<\/div>\n\t\t\t\t\t\t<\/div>\n\t\t\t\t<\/div>\n\t\t\t\t\t<\/div>\n\t\t<\/div>\n\t\t\t\t\t<\/div>\n\t\t<\/section>\n\t\t\t\t<div class=\"elementor-element elementor-element-717765fb elementor-widget elementor-widget-spacer\" data-id=\"717765fb\" data-element_type=\"widget\" data-e-type=\"widget\" data-widget_type=\"spacer.default\">\n\t\t\t\t<div class=\"elementor-widget-container\">\n\t\t\t\t\t\t\t<div class=\"elementor-spacer\">\n\t\t\t<div class=\"elementor-spacer-inner\"><\/div>\n\t\t<\/div>\n\t\t\t\t\t\t<\/div>\n\t\t\t\t<\/div>\n\t\t\t\t\t<\/div>\n\t\t<\/div>\n\t\t\t\t\t<\/div>\n\t\t<\/section>\n\t\t\t\t<section class=\"elementor-section elementor-top-section elementor-element elementor-element-3a688b03 elementor-section-boxed elementor-section-height-default elementor-section-height-default\" data-id=\"3a688b03\" data-element_type=\"section\" data-e-type=\"section\">\n\t\t\t\t\t\t<div class=\"elementor-container elementor-column-gap-default\">\n\t\t\t\t\t<div class=\"elementor-column elementor-col-100 elementor-top-column elementor-element elementor-element-5c8662af\" data-id=\"5c8662af\" data-element_type=\"column\" data-e-type=\"column\">\n\t\t\t<div class=\"elementor-widget-wrap elementor-element-populated\">\n\t\t\t\t\t\t<div class=\"elementor-element elementor-element-713f3236 elementor-widget elementor-widget-text-editor\" data-id=\"713f3236\" data-element_type=\"widget\" data-e-type=\"widget\" data-widget_type=\"text-editor.default\">\n\t\t\t\t<div class=\"elementor-widget-container\">\n\t\t\t\t\t\t\t\t\t<section id=\"privacy-policy\"><p>Au <strong>INVEST PRO Immobilier<\/strong>, accessible \u00e0 partir de <a href=\"https:\/\/investpro.ma\/fr\/\">https:\/\/investpro.ma<\/a>Nous nous engageons \u00e0 prot\u00e9ger votre vie priv\u00e9e. La pr\u00e9sente politique de confidentialit\u00e9 explique comment nous recueillons, utilisons et prot\u00e9geons vos informations personnelles lorsque vous visitez notre site web ou utilisez nos services.<\/p><h3>1. Les informations que nous collectons<\/h3><p>Nous pouvons collecter les types d'informations suivants :<\/p><ul><li><strong>Informations personnelles :<\/strong>\u00a0Nom, adresse \u00e9lectronique, num\u00e9ro de t\u00e9l\u00e9phone et autres d\u00e9tails que vous fournissez lorsque vous nous contactez ou remplissez des formulaires.<\/li><li><strong>Informations non personnelles :<\/strong>\u00a0Type de navigateur, adresse IP, pages visit\u00e9es et autres donn\u00e9es collect\u00e9es par le biais de cookies et d'outils d'analyse.<\/li><\/ul><h3>2. Comment nous utilisons vos informations<\/h3><p>Vos informations sont utilis\u00e9es pour :<\/p><ul><li>R\u00e9pondre aux demandes de renseignements et fournir des services immobiliers.<\/li><li>Am\u00e9liorer notre site web et l'exp\u00e9rience des utilisateurs.<\/li><li>Envoyer des communications marketing (avec votre consentement).<\/li><li>Respecter les obligations l\u00e9gales.<\/li><\/ul><h3>3. Partage des informations<\/h3><p>Nous ne vendons ni ne louons vos informations personnelles. Nous pouvons partager vos donn\u00e9es avec<\/p><ul><li>Les fournisseurs de services (par exemple, les fournisseurs d'h\u00e9bergement ou d'analyse) qui nous aident \u00e0 exploiter notre site web.<\/li><li>les autorit\u00e9s judiciaires, si la loi l'exige.<\/li><\/ul><h3>4. Cookies<\/h3><p>Notre site web utilise des cookies pour am\u00e9liorer votre exp\u00e9rience. Voir notre\u00a0<a href=\"https:\/\/artifacts.grokusercontent.com\/#cookies-policy\" target=\"_blank\" rel=\"noopener\">Politique en mati\u00e8re de cookies<\/a>\u00a0pour plus de d\u00e9tails.<\/p><h3>5. Vos droits<\/h3><p>Vous avez le droit de :<\/p><ul><li>Acc\u00e9der, corriger ou supprimer vos informations personnelles.<\/li><li>Refuser les communications marketing.<\/li><li>Demander des informations sur la mani\u00e8re dont vos donn\u00e9es sont trait\u00e9es.<\/li><\/ul><p>Pour exercer ces droits, contactez-nous \u00e0 l'adresse suivante\u00a0<a href=\"mailto:info@investpro.ma\">info@investpro.ma<\/a>.<\/p><h3>6. S\u00e9curit\u00e9 des donn\u00e9es<\/h3><p>Nous mettons en \u0153uvre des mesures techniques et organisationnelles raisonnables pour prot\u00e9ger vos donn\u00e9es. Toutefois, aucune plateforme en ligne ne peut garantir une s\u00e9curit\u00e9 totale.<\/p><h3>7. Modifications de la pr\u00e9sente politique<\/h3><p>Nous pouvons mettre \u00e0 jour la pr\u00e9sente politique de confidentialit\u00e9 p\u00e9riodiquement. Les modifications seront publi\u00e9es sur cette page avec une date d'entr\u00e9e en vigueur actualis\u00e9e.<\/p><h3>8. Nous contacter<\/h3><p>Si vous avez des questions concernant cette politique de confidentialit\u00e9, veuillez nous contacter :<\/p><p><strong>INVEST PRO Immobilier<\/strong><br \/>Local 4, r\u00e9sidence Yacht Plage, Malabata, en face Mazen chef, Blvd. Mohamed VI, Tanger 90000<br \/>T\u00e9l\u00e9phone : <a class=\"listivo-phone-v3\" href=\"tel:%E2%80%AA+212608028668%E2%80%AC\">+212608028668<\/a><br \/>Courriel :\u00a0<a href=\"mailto:info@investpro.ma\">info@investpro.ma<\/a><\/p><p><em>Date d'entr\u00e9e en vigueur : 9 mai 2025<\/em><\/p><\/section>\t\t\t\t\t\t\t\t<\/div>\n\t\t\t\t<\/div>\n\t\t\t\t<div class=\"elementor-element elementor-element-7eb3325b elementor-widget elementor-widget-spacer\" data-id=\"7eb3325b\" data-element_type=\"widget\" data-e-type=\"widget\" data-widget_type=\"spacer.default\">\n\t\t\t\t<div class=\"elementor-widget-container\">\n\t\t\t\t\t\t\t<div class=\"elementor-spacer\">\n\t\t\t<div class=\"elementor-spacer-inner\"><\/div>\n\t\t<\/div>\n\t\t\t\t\t\t<\/div>\n\t\t\t\t<\/div>\n\t\t\t\t\t<\/div>\n\t\t<\/div>\n\t\t\t\t\t<\/div>\n\t\t<\/section>\n\t\t\t\t<\/div>","protected":false},"excerpt":{"rendered":"<p>Privacy Policy At INVEST PRO Real Estate, accessible from https:\/\/investpro.ma, we are committed to protecting your privacy. This Privacy Policy explains how we collect, use, and safeguard your personal information when you visit our website or engage with our services. 1. Information We Collect We may collect the following types of information: Personal Information:\u00a0Name, email [&hellip;]<\/p>\n","protected":false},"author":15,"featured_media":0,"parent":0,"menu_order":0,"comment_status":"closed","ping_status":"closed","template":"","meta":{"footnotes":""},"class_list":["post-9774","page","type-page","status-publish","hentry"],"_links":{"self":[{"href":"https:\/\/investpro.ma\/fr\/wp-json\/wp\/v2\/pages\/9774","targetHints":{"allow":["GET"]}}],"collection":[{"href":"https:\/\/investpro.ma\/fr\/wp-json\/wp\/v2\/pages"}],"about":[{"href":"https:\/\/investpro.ma\/fr\/wp-json\/wp\/v2\/types\/page"}],"author":[{"embeddable":true,"href":"https:\/\/investpro.ma\/fr\/wp-json\/wp\/v2\/users\/15"}],"replies":[{"embeddable":true,"href":"https:\/\/investpro.ma\/fr\/wp-json\/wp\/v2\/comments?post=9774"}],"version-history":[{"count":6,"href":"https:\/\/investpro.ma\/fr\/wp-json\/wp\/v2\/pages\/9774\/revisions"}],"predecessor-version":[{"id":11792,"href":"https:\/\/investpro.ma\/fr\/wp-json\/wp\/v2\/pages\/9774\/revisions\/11792"}],"wp:attachment":[{"href":"https:\/\/investpro.ma\/fr\/wp-json\/wp\/v2\/media?parent=9774"}],"curies":[{"name":"wp","href":"https:\/\/api.w.org\/{rel}","templated":true}]}}