{"id":11104,"date":"2025-05-09T13:57:09","date_gmt":"2025-05-09T13:57:09","guid":{"rendered":"https:\/\/investpro.ma\/?page_id=11104"},"modified":"2025-10-29T11:55:51","modified_gmt":"2025-10-29T11:55:51","slug":"politique-en-matiere-de-cookies","status":"publish","type":"page","link":"https:\/\/investpro.ma\/fr\/politique-en-matiere-de-cookies\/","title":{"rendered":"Politique en mati\u00e8re de cookies"},"content":{"rendered":"<div data-elementor-type=\"wp-page\" data-elementor-id=\"11104\" class=\"elementor elementor-11104\" data-elementor-post-type=\"page\">\n\t\t\t\t\t\t<section class=\"elementor-section elementor-top-section elementor-element elementor-element-2cc553cc elementor-section-full_width elementor-section-height-default elementor-section-height-default\" data-id=\"2cc553cc\" data-element_type=\"section\" data-e-type=\"section\" data-settings=\"{&quot;background_background&quot;:&quot;classic&quot;}\">\n\t\t\t\t\t\t<div class=\"elementor-container elementor-column-gap-default\">\n\t\t\t\t\t<div class=\"elementor-column elementor-col-100 elementor-top-column elementor-element elementor-element-4f809123\" data-id=\"4f809123\" data-element_type=\"column\" data-e-type=\"column\">\n\t\t\t<div class=\"elementor-widget-wrap elementor-element-populated\">\n\t\t\t\t\t\t<section class=\"elementor-section elementor-inner-section elementor-element elementor-element-73ceb154 elementor-section-height-min-height elementor-section-boxed elementor-section-height-default\" data-id=\"73ceb154\" data-element_type=\"section\" data-e-type=\"section\" data-settings=\"{&quot;background_background&quot;:&quot;classic&quot;}\">\n\t\t\t\t\t\t\t<div class=\"elementor-background-overlay\"><\/div>\n\t\t\t\t\t\t\t<div class=\"elementor-container elementor-column-gap-default\">\n\t\t\t\t\t<div class=\"elementor-column elementor-col-100 elementor-inner-column elementor-element elementor-element-15c1137e\" data-id=\"15c1137e\" data-element_type=\"column\" data-e-type=\"column\">\n\t\t\t<div class=\"elementor-widget-wrap elementor-element-populated\">\n\t\t\t\t\t\t<div class=\"elementor-element elementor-element-521f0397 elementor-widget elementor-widget-lst_heading_v2\" data-id=\"521f0397\" data-element_type=\"widget\" data-e-type=\"widget\" data-widget_type=\"lst_heading_v2.default\">\n\t\t\t\t<div class=\"elementor-widget-container\">\n\t\t\t\t\t<div class=\"listivo-heading-v2-wrapper\">\n    <div class=\"listivo-heading-v2 listivo-heading-v2--left listivo-heading-v2--tablet-center listivo-heading-v2--mobile-center\">\n        \n        <h2 class=\"listivo-heading-v2__text\">\n            Politique en mati\u00e8re de cookies        <\/h2>\n    <\/div>\n<\/div>\t\t\t\t<\/div>\n\t\t\t\t<\/div>\n\t\t\t\t<div class=\"elementor-element elementor-element-112db48 elementor-widget elementor-widget-spacer\" data-id=\"112db48\" data-element_type=\"widget\" data-e-type=\"widget\" data-widget_type=\"spacer.default\">\n\t\t\t\t<div class=\"elementor-widget-container\">\n\t\t\t\t\t\t\t<div class=\"elementor-spacer\">\n\t\t\t<div class=\"elementor-spacer-inner\"><\/div>\n\t\t<\/div>\n\t\t\t\t\t\t<\/div>\n\t\t\t\t<\/div>\n\t\t\t\t\t<\/div>\n\t\t<\/div>\n\t\t\t\t\t<\/div>\n\t\t<\/section>\n\t\t\t\t<div class=\"elementor-element elementor-element-717765fb elementor-widget elementor-widget-spacer\" data-id=\"717765fb\" data-element_type=\"widget\" data-e-type=\"widget\" data-widget_type=\"spacer.default\">\n\t\t\t\t<div class=\"elementor-widget-container\">\n\t\t\t\t\t\t\t<div class=\"elementor-spacer\">\n\t\t\t<div class=\"elementor-spacer-inner\"><\/div>\n\t\t<\/div>\n\t\t\t\t\t\t<\/div>\n\t\t\t\t<\/div>\n\t\t\t\t\t<\/div>\n\t\t<\/div>\n\t\t\t\t\t<\/div>\n\t\t<\/section>\n\t\t\t\t<section class=\"elementor-section elementor-top-section elementor-element elementor-element-3a688b03 elementor-section-boxed elementor-section-height-default elementor-section-height-default\" data-id=\"3a688b03\" data-element_type=\"section\" data-e-type=\"section\">\n\t\t\t\t\t\t<div class=\"elementor-container elementor-column-gap-default\">\n\t\t\t\t\t<div class=\"elementor-column elementor-col-100 elementor-top-column elementor-element elementor-element-5c8662af\" data-id=\"5c8662af\" data-element_type=\"column\" data-e-type=\"column\">\n\t\t\t<div class=\"elementor-widget-wrap elementor-element-populated\">\n\t\t\t\t\t\t<div class=\"elementor-element elementor-element-713f3236 elementor-widget elementor-widget-text-editor\" data-id=\"713f3236\" data-element_type=\"widget\" data-e-type=\"widget\" data-widget_type=\"text-editor.default\">\n\t\t\t\t<div class=\"elementor-widget-container\">\n\t\t\t\t\t\t\t\t\t<section id=\"privacy-policy\"><p><strong>INVEST PRO Immobilier<\/strong> utilise des cookies sur <a href=\"https:\/\/investpro.ma\/fr\/\">https:\/\/investpro.ma<\/a>\u00a0pour am\u00e9liorer votre exp\u00e9rience de navigation. La pr\u00e9sente politique en mati\u00e8re de cookies explique ce que sont les cookies, comment nous les utilisons et comment vous pouvez les g\u00e9rer.<\/p><h3>1. Qu'est-ce qu'un cookie ?<\/h3><p>Les cookies sont de petits fichiers texte stock\u00e9s sur votre appareil lorsque vous visitez un site web. Ils aident les sites web \u00e0 fonctionner efficacement et fournissent des informations sur le comportement des utilisateurs.<\/p><h3>2. Types de cookies que nous utilisons<\/h3><p>Nous utilisons les types de cookies suivants :<\/p><ul><li><strong>Cookies essentiels :<\/strong>\u00a0N\u00e9cessaire au fonctionnement du site web, comme le maintien des sessions d'utilisateurs.<\/li><li><strong>Cookies d'analyse :<\/strong>\u00a0Nous aider \u00e0 comprendre comment les visiteurs interagissent avec notre site web en collectant des donn\u00e9es anonymes.<\/li><li><strong>Cookies de marketing :<\/strong>\u00a0Utilis\u00e9 pour diffuser des publicit\u00e9s pertinentes en fonction de vos centres d'int\u00e9r\u00eat.<\/li><\/ul><h3>3. Comment nous utilisons les cookies<\/h3><p>Les cookies nous aident :<\/p><ul><li>Veiller au bon fonctionnement du site web.<\/li><li>Analyser les performances du site web et le comportement des utilisateurs.<\/li><li>Personnaliser le contenu et les publicit\u00e9s (le cas \u00e9ch\u00e9ant).<\/li><\/ul><h3>4. Gestion des cookies<\/h3><p>Vous pouvez contr\u00f4ler les cookies par le biais des param\u00e8tres de votre navigateur. La plupart des navigateurs vous permettent de<\/p><ul><li>Bloquer compl\u00e8tement les cookies.<\/li><li>Supprimer les cookies existants.<\/li><li>Autoriser les cookies provenant de sites web sp\u00e9cifiques.<\/li><\/ul><p>Remarque : la d\u00e9sactivation des cookies peut affecter la fonctionnalit\u00e9 de notre site web.<\/p><h3>5. Cookies de tiers<\/h3><p>Certains cookies peuvent \u00eatre install\u00e9s par des services tiers, tels que des fournisseurs de services d'analyse ou de publicit\u00e9. Ces fournisseurs ont leur propre politique de confidentialit\u00e9.<\/p><h3>6. Modifications de la pr\u00e9sente politique<\/h3><p>Nous pouvons mettre \u00e0 jour la pr\u00e9sente politique en mati\u00e8re de cookies si n\u00e9cessaire. Les modifications seront publi\u00e9es sur cette page.<\/p><h3>7. Nous contacter<\/h3><p>Si vous avez des questions concernant notre politique en mati\u00e8re de cookies, veuillez nous contacter :<\/p><p><strong>INVEST PRO Immobilier<\/strong><br \/>Local 4, r\u00e9sidence Yacht Plage, Malabata, en face Mazen chef, Blvd. Mohamed VI, Tanger 90000<br \/>T\u00e9l\u00e9phone : +212608028668<br \/>Courriel :\u00a0<a href=\"mailto:info@investpro.ma\">info@investpro.ma<\/a><\/p><p><em>Date d'entr\u00e9e en vigueur : 9 mai 2025<\/em><\/p><\/section>\t\t\t\t\t\t\t\t<\/div>\n\t\t\t\t<\/div>\n\t\t\t\t<div class=\"elementor-element elementor-element-7eb3325b elementor-widget elementor-widget-spacer\" data-id=\"7eb3325b\" data-element_type=\"widget\" data-e-type=\"widget\" data-widget_type=\"spacer.default\">\n\t\t\t\t<div class=\"elementor-widget-container\">\n\t\t\t\t\t\t\t<div class=\"elementor-spacer\">\n\t\t\t<div class=\"elementor-spacer-inner\"><\/div>\n\t\t<\/div>\n\t\t\t\t\t\t<\/div>\n\t\t\t\t<\/div>\n\t\t\t\t\t<\/div>\n\t\t<\/div>\n\t\t\t\t\t<\/div>\n\t\t<\/section>\n\t\t\t\t<\/div>","protected":false},"excerpt":{"rendered":"<p>Cookies Policy INVEST PRO Real Estate uses cookies on https:\/\/investpro.ma\u00a0to enhance your browsing experience. This Cookies Policy explains what cookies are, how we use them, and how you can manage them. 1. What Are Cookies? Cookies are small text files stored on your device when you visit a website. They help websites function efficiently and [&hellip;]<\/p>\n","protected":false},"author":15,"featured_media":0,"parent":0,"menu_order":0,"comment_status":"closed","ping_status":"closed","template":"","meta":{"footnotes":""},"class_list":["post-11104","page","type-page","status-publish","hentry"],"_links":{"self":[{"href":"https:\/\/investpro.ma\/fr\/wp-json\/wp\/v2\/pages\/11104","targetHints":{"allow":["GET"]}}],"collection":[{"href":"https:\/\/investpro.ma\/fr\/wp-json\/wp\/v2\/pages"}],"about":[{"href":"https:\/\/investpro.ma\/fr\/wp-json\/wp\/v2\/types\/page"}],"author":[{"embeddable":true,"href":"https:\/\/investpro.ma\/fr\/wp-json\/wp\/v2\/users\/15"}],"replies":[{"embeddable":true,"href":"https:\/\/investpro.ma\/fr\/wp-json\/wp\/v2\/comments?post=11104"}],"version-history":[{"count":7,"href":"https:\/\/investpro.ma\/fr\/wp-json\/wp\/v2\/pages\/11104\/revisions"}],"predecessor-version":[{"id":11801,"href":"https:\/\/investpro.ma\/fr\/wp-json\/wp\/v2\/pages\/11104\/revisions\/11801"}],"wp:attachment":[{"href":"https:\/\/investpro.ma\/fr\/wp-json\/wp\/v2\/media?parent=11104"}],"curies":[{"name":"wp","href":"https:\/\/api.w.org\/{rel}","templated":true}]}}