{"id":11099,"date":"2025-05-09T13:55:15","date_gmt":"2025-05-09T13:55:15","guid":{"rendered":"https:\/\/investpro.ma\/?page_id=11099"},"modified":"2025-10-29T11:51:13","modified_gmt":"2025-10-29T11:51:13","slug":"conditions-generales","status":"publish","type":"page","link":"https:\/\/investpro.ma\/fr\/conditions-generales\/","title":{"rendered":"Conditions g\u00e9n\u00e9rales d'utilisation"},"content":{"rendered":"<div data-elementor-type=\"wp-page\" data-elementor-id=\"11099\" class=\"elementor elementor-11099\" data-elementor-post-type=\"page\">\n\t\t\t\t\t\t<section class=\"elementor-section elementor-top-section elementor-element elementor-element-2cc553cc elementor-section-full_width elementor-section-height-default elementor-section-height-default\" data-id=\"2cc553cc\" data-element_type=\"section\" data-e-type=\"section\" data-settings=\"{&quot;background_background&quot;:&quot;classic&quot;}\">\n\t\t\t\t\t\t<div class=\"elementor-container elementor-column-gap-default\">\n\t\t\t\t\t<div class=\"elementor-column elementor-col-100 elementor-top-column elementor-element elementor-element-4f809123\" data-id=\"4f809123\" data-element_type=\"column\" data-e-type=\"column\">\n\t\t\t<div class=\"elementor-widget-wrap elementor-element-populated\">\n\t\t\t\t\t\t<section class=\"elementor-section elementor-inner-section elementor-element elementor-element-73ceb154 elementor-section-height-min-height elementor-section-boxed elementor-section-height-default\" data-id=\"73ceb154\" data-element_type=\"section\" data-e-type=\"section\" data-settings=\"{&quot;background_background&quot;:&quot;classic&quot;}\">\n\t\t\t\t\t\t\t<div class=\"elementor-background-overlay\"><\/div>\n\t\t\t\t\t\t\t<div class=\"elementor-container elementor-column-gap-default\">\n\t\t\t\t\t<div class=\"elementor-column elementor-col-100 elementor-inner-column elementor-element elementor-element-15c1137e\" data-id=\"15c1137e\" data-element_type=\"column\" data-e-type=\"column\">\n\t\t\t<div class=\"elementor-widget-wrap elementor-element-populated\">\n\t\t\t\t\t\t<div class=\"elementor-element elementor-element-521f0397 elementor-widget elementor-widget-lst_heading_v2\" data-id=\"521f0397\" data-element_type=\"widget\" data-e-type=\"widget\" data-widget_type=\"lst_heading_v2.default\">\n\t\t\t\t<div class=\"elementor-widget-container\">\n\t\t\t\t\t<div class=\"listivo-heading-v2-wrapper\">\n    <div class=\"listivo-heading-v2 listivo-heading-v2--left listivo-heading-v2--tablet-center listivo-heading-v2--mobile-center\">\n        \n        <h2 class=\"listivo-heading-v2__text\">\n            Conditions g\u00e9n\u00e9rales d'utilisation        <\/h2>\n    <\/div>\n<\/div>\t\t\t\t<\/div>\n\t\t\t\t<\/div>\n\t\t\t\t<div class=\"elementor-element elementor-element-112db48 elementor-widget elementor-widget-spacer\" data-id=\"112db48\" data-element_type=\"widget\" data-e-type=\"widget\" data-widget_type=\"spacer.default\">\n\t\t\t\t<div class=\"elementor-widget-container\">\n\t\t\t\t\t\t\t<div class=\"elementor-spacer\">\n\t\t\t<div class=\"elementor-spacer-inner\"><\/div>\n\t\t<\/div>\n\t\t\t\t\t\t<\/div>\n\t\t\t\t<\/div>\n\t\t\t\t\t<\/div>\n\t\t<\/div>\n\t\t\t\t\t<\/div>\n\t\t<\/section>\n\t\t\t\t<div class=\"elementor-element elementor-element-717765fb elementor-widget elementor-widget-spacer\" data-id=\"717765fb\" data-element_type=\"widget\" data-e-type=\"widget\" data-widget_type=\"spacer.default\">\n\t\t\t\t<div class=\"elementor-widget-container\">\n\t\t\t\t\t\t\t<div class=\"elementor-spacer\">\n\t\t\t<div class=\"elementor-spacer-inner\"><\/div>\n\t\t<\/div>\n\t\t\t\t\t\t<\/div>\n\t\t\t\t<\/div>\n\t\t\t\t\t<\/div>\n\t\t<\/div>\n\t\t\t\t\t<\/div>\n\t\t<\/section>\n\t\t\t\t<section class=\"elementor-section elementor-top-section elementor-element elementor-element-3a688b03 elementor-section-boxed elementor-section-height-default elementor-section-height-default\" data-id=\"3a688b03\" data-element_type=\"section\" data-e-type=\"section\">\n\t\t\t\t\t\t<div class=\"elementor-container elementor-column-gap-default\">\n\t\t\t\t\t<div class=\"elementor-column elementor-col-100 elementor-top-column elementor-element elementor-element-5c8662af\" data-id=\"5c8662af\" data-element_type=\"column\" data-e-type=\"column\">\n\t\t\t<div class=\"elementor-widget-wrap elementor-element-populated\">\n\t\t\t\t\t\t<div class=\"elementor-element elementor-element-713f3236 elementor-widget elementor-widget-text-editor\" data-id=\"713f3236\" data-element_type=\"widget\" data-e-type=\"widget\" data-widget_type=\"text-editor.default\">\n\t\t\t\t<div class=\"elementor-widget-container\">\n\t\t\t\t\t\t\t\t\t<section id=\"privacy-policy\"><p>Bienvenue \u00e0 <strong>INVEST PRO Immobilier<\/strong><\/p><p>. En acc\u00e9dant \u00e0 <a href=\"https:\/\/investpro.ma\/fr\/\">https:\/\/investpro.ma<\/a>vous acceptez d'\u00eatre li\u00e9 par les pr\u00e9sentes conditions g\u00e9n\u00e9rales. Si vous n'\u00eates pas d'accord, veuillez ne pas utiliser notre site web.<\/p><h3>1. Utilisation de notre site web<\/h3><p>Vous acceptez d'utiliser notre site web \u00e0 des fins l\u00e9gales uniquement. Vous ne pouvez pas :<\/p><ul><li>Utiliser le site web d'une mani\u00e8re qui enfreint les lois ou r\u00e8glements applicables.<\/li><li>Tenter d'interf\u00e9rer avec la fonctionnalit\u00e9 ou la s\u00e9curit\u00e9 du site web.<\/li><li>Reproduire ou distribuer le contenu de notre site web sans autorisation.<\/li><\/ul><h3>2. Services immobiliers<\/h3><p>Les informations sur les biens et les services figurant sur notre site Internet sont fournies \u00e0 titre indicatif. Tout accord relatif \u00e0 des services immobiliers sera r\u00e9gi par des contrats distincts.<\/p><h3>3. Propri\u00e9t\u00e9 intellectuelle<\/h3><p>Tout le contenu de notre site web, y compris les textes, les images et les logos, est la propri\u00e9t\u00e9 de <strong>INVEST PRO Immobilier<\/strong> ou ses conc\u00e9dants de licence et est prot\u00e9g\u00e9 par des droits d'auteur et d'autres lois. Vous ne pouvez pas utiliser notre contenu sans autorisation \u00e9crite.<\/p><h3>4. Limitation de la responsabilit\u00e9<\/h3><p><strong>INVEST PRO Immobilier<\/strong> Immobilier n'est pas responsable :<\/p><ul><li>Erreurs ou inexactitudes dans le contenu de notre site web.<\/li><li>les pertes ou dommages r\u00e9sultant de l'utilisation du site web.<\/li><li>Interruptions ou indisponibilit\u00e9 du site web.<\/li><\/ul><p>Notre site web est fourni \"en l'\u00e9tat\" sans garantie d'aucune sorte.<\/p><h3>5. Liens avec des tiers<\/h3><p>Notre site web peut contenir des liens vers des sites web de tiers. Nous ne sommes pas responsables du contenu ou des pratiques de ces sites.<\/p><h3>6. Droit applicable<\/h3><p>Les pr\u00e9sentes conditions g\u00e9n\u00e9rales sont r\u00e9gies par les lois du Maroc. Tout litige sera r\u00e9solu par les tribunaux de Tanger, Maroc.<\/p><h3>7. Modifications des pr\u00e9sentes conditions<\/h3><p>Nous pouvons mettre \u00e0 jour les pr\u00e9sentes conditions g\u00e9n\u00e9rales de temps \u00e0 autre. Les modifications seront publi\u00e9es sur cette page.<\/p><h3>8. Nous contacter<\/h3><p>Pour toute question concernant les pr\u00e9sentes conditions g\u00e9n\u00e9rales, veuillez nous contacter :<\/p><p>MDK <strong>INVEST PRO Immobilier<\/strong><br \/>Local 4, r\u00e9sidence Yacht Plage, Malabata, en face Mazen chef, Blvd. Mohamed VI, Tanger 90000<br \/>T\u00e9l\u00e9phone : <a class=\"listivo-phone-v3\" href=\"tel:%E2%80%AA+212608028668%E2%80%AC\">+212608028668<\/a><br \/>Courriel :\u00a0<a href=\"mailto:info@investpro.ma\">info@investpro.ma<\/a><\/p><p><em>Date d'entr\u00e9e en vigueur : 9 mai 2025<\/em><\/p><\/section>\t\t\t\t\t\t\t\t<\/div>\n\t\t\t\t<\/div>\n\t\t\t\t<div class=\"elementor-element elementor-element-7eb3325b elementor-widget elementor-widget-spacer\" data-id=\"7eb3325b\" data-element_type=\"widget\" data-e-type=\"widget\" data-widget_type=\"spacer.default\">\n\t\t\t\t<div class=\"elementor-widget-container\">\n\t\t\t\t\t\t\t<div class=\"elementor-spacer\">\n\t\t\t<div class=\"elementor-spacer-inner\"><\/div>\n\t\t<\/div>\n\t\t\t\t\t\t<\/div>\n\t\t\t\t<\/div>\n\t\t\t\t\t<\/div>\n\t\t<\/div>\n\t\t\t\t\t<\/div>\n\t\t<\/section>\n\t\t\t\t<\/div>","protected":false},"excerpt":{"rendered":"<p>Terms and Conditions Welcome to INVEST PRO Real Estate . By accessing https:\/\/investpro.ma, you agree to be bound by these Terms and Conditions. If you do not agree, please do not use our website. 1. Use of Our Website You agree to use our website for lawful purposes only. You may not: Use the website [&hellip;]<\/p>\n","protected":false},"author":15,"featured_media":0,"parent":0,"menu_order":0,"comment_status":"closed","ping_status":"closed","template":"","meta":{"footnotes":""},"class_list":["post-11099","page","type-page","status-publish","hentry"],"_links":{"self":[{"href":"https:\/\/investpro.ma\/fr\/wp-json\/wp\/v2\/pages\/11099","targetHints":{"allow":["GET"]}}],"collection":[{"href":"https:\/\/investpro.ma\/fr\/wp-json\/wp\/v2\/pages"}],"about":[{"href":"https:\/\/investpro.ma\/fr\/wp-json\/wp\/v2\/types\/page"}],"author":[{"embeddable":true,"href":"https:\/\/investpro.ma\/fr\/wp-json\/wp\/v2\/users\/15"}],"replies":[{"embeddable":true,"href":"https:\/\/investpro.ma\/fr\/wp-json\/wp\/v2\/comments?post=11099"}],"version-history":[{"count":13,"href":"https:\/\/investpro.ma\/fr\/wp-json\/wp\/v2\/pages\/11099\/revisions"}],"predecessor-version":[{"id":11795,"href":"https:\/\/investpro.ma\/fr\/wp-json\/wp\/v2\/pages\/11099\/revisions\/11795"}],"wp:attachment":[{"href":"https:\/\/investpro.ma\/fr\/wp-json\/wp\/v2\/media?parent=11099"}],"curies":[{"name":"wp","href":"https:\/\/api.w.org\/{rel}","templated":true}]}}